{"id":21,"date":"2022-09-26T15:52:10","date_gmt":"2022-09-26T13:52:10","guid":{"rendered":"http:\/\/feuerwehr-ebersgoens.de\/wordpress\/?page_id=21"},"modified":"2026-04-08T10:39:27","modified_gmt":"2026-04-08T09:39:27","slug":"impressum","status":"publish","type":"page","link":"https:\/\/feuerwehr-ebersgoens.de\/wordpress\/?page_id=21","title":{"rendered":"Impressum"},"content":{"rendered":"\n<h3 class=\"wp-block-heading\">Angaben gem\u00e4\u00df \u00a7 5 TMG:<br><\/h3>\n\n\n\n<p>Betreiber der Seite:<br><strong>F\u00f6rderverein der Freiwilligen Feuerwehr Ebersg\u00f6ns e.V.<\/strong><br>Feuerwehrhaus Ebersg\u00f6ns<br>Zum Wei\u00dfen Stein 18<br>35510 Butzbach-Ebersg\u00f6ns<br> <br>Vereinsregister Friedberg (Hessen)<br>Registernummer 2645<br><a href=\"mailto:vorsitzender@feuerwehr-ebersgoens.de?Subject=Kontaktformular\">Email an den Vorsitzenden<\/a><\/p>\n\n\n\n<h4 class=\"wp-block-heading\">Webseitenmanagement unter <a href=\"http:\/\/www.feuerwehr-ebersgoens.de\/\">www.feuerwehr-ebersgoens.de<\/a>:<\/h4>\n\n\n\n<p>Alexander C. Wei\u00df<br>&#8211; Webmaster &#8211;<br><a href=\"mailto:admin@feuerwehr-ebersgoens.de\">Email an den Webmaster<\/a><\/p>\n\n\n\n<h4 class=\"wp-block-heading\">Organisatorische Einordnung<\/h4>\n\n\n\n<p>Der Verein &#8222;F\u00f6rderverein der Freiwilligen Feuerwehr Ebersg\u00f6ns e.V.&#8220; ist ein privatrechtlich selbst\u00e4ndiger, gemeinn\u00fctziger Verein zur F\u00f6rderung des Brandschutzwesens in Butzbach-Ebersg\u00f6ns. Er wird vertreten durch seinen 1. Vorsitzenden. <\/p>\n\n\n\n<p>Die Verwendung der Bezeichnungen &#8222;F\u00f6rderverein der Freiwilligen Feierwehr Ebersg\u00f6ns e.V.&#8220; und &#8222;Freiwillige Feierwehr Ebersg\u00f6ns&#8220; auf diesen Web-Seiten sind synonym zu sehen. Es wird damit immer der &#8222;F\u00f6rderverein der Freiwilligen Feierwehr Ebersg\u00f6ns e.V.&#8220; adressiert. <\/p>\n\n\n\n<p>Einsatzabteilung, Ehren- und Altersabteilung und Jugend\/Minifeuerwehr der Freiwilligen Feuerwehr Butzbach Standort Ebersg\u00f6ns sind nicht selbst\u00e4ndige K\u00f6rperschaften der Stadt Butzbach. Ansprechpartner bei der Stadtverwaltung ist der zust\u00e4ndige Fachdienstleiter.<\/p>\n\n\n\n<p><strong>Magistrat der Stadt Butzbach<\/strong><br>FG 7.0 Feuerwehr und Bev\u00f6lkerungsschutz<br>z. Hd. Hr. Christian Veitenhansl<br>Schlossplatz 1<br>35510 Butzbach<\/p>\n\n\n\n<p>Tel. 0 60 33 \/ 9 95 &#8211; 232<\/p>\n\n\n\n<p>Weitere Kontaktinformationen der Stadt Butzbach entnehmen Sie bitte der Seite&nbsp;<a href=\"http:\/\/www.stadt-butzbach.de\/\">www.stadt-butzbach.de<\/a>&nbsp;.<\/p>\n\n\n\n<p>Offizielle Webpr\u00e4senz der Feuewehr der Stadt Butzbach:<br><a href=\"https:\/\/feuerwehr-butzbach.de\/\">Feuerwehr der Stadt Butzbach<\/a><br><a href=\"https:\/\/www.facebook.com\/FeuerwehrButzbach\/\">FF Butzbach auf Facebook<\/a><\/p>\n\n\n\n<h4 class=\"wp-block-heading\">Rechte<\/h4>\n\n\n\n<p>Alle Grafiken und Texte sowie das Layout<br>\u00a9 F\u00f6rderverein der Freiwillige Feuerwehr Ebersg\u00f6ns e.V..<br><br>Alle Rechte vorbehalten.<br>Die Fotos unterliegen den Rechten der entsprechenden Eigent\u00fcmer.<br><br>Reproduktion oder Kopie der Website oder von Teilen davon, ist nur mit Genehmigung des F\u00f6rdervereins der Freiwilligen Feuerwehr Ebersg\u00f6ns e.V. erlaubt, die im Normalfall gerne erteilt wird. Hierzu bitte Info-Mail an&nbsp;<a href=\"mailto:admin@feuerwehr-ebersgoens.de\">admin@feuerwehr-ebersgoens.de<\/a><\/p>\n\n\n\n<h2 class=\"wp-block-heading\">Haftungsausschluss:<\/h2>\n\n\n\n<p>Quelle:&nbsp;<em>Erstellt mit dem&nbsp;<a href=\"http:\/\/www.mth-partner.de\/impressumgenerator\/impressum-generator.php\" target=\"_blank\" rel=\"noreferrer noopener\">Impressum-Generator<\/a>&nbsp;von&nbsp;<\/em><em><a href=\"http:\/\/www.mth-partner.de\/leistungen-rechtsanwalt-koeln\/auslaenderrecht\/\" target=\"_blank\" rel=\"noreferrer noopener\">Helmer Tieben, Rechtsanwalt f\u00fcr Ausl\u00e4nderrecht, K\u00f6ln<\/a><\/em><\/p>\n\n\n\n<p><strong>Haftung f\u00fcr Inhalte<\/strong><\/p>\n\n\n\n<p>Die Inhalte unserer Seiten wurden mit gr\u00f6\u00dfter Sorgfalt erstellt. F\u00fcr die Richtigkeit, Vollst\u00e4ndigkeit und Aktualit\u00e4t der Inhalte k\u00f6nnen wir jedoch keine Gew\u00e4hr \u00fcbernehmen. Als Diensteanbieter sind wir gem\u00e4\u00df \u00a7 7 Abs.1 TMG f\u00fcr eigene Inhalte auf diesen Seiten nach den allgemeinen Gesetzen verantwortlich. Nach \u00a7\u00a7 8 bis 10 TMG sind wir als Diensteanbieter jedoch nicht verpflichtet, \u00fcbermittelte oder gespeicherte fremde Informationen zu \u00fcberwachen oder nach Umst\u00e4nden zu forschen, die auf eine rechtswidrige T\u00e4tigkeit hinweisen. Verpflichtungen zur Entfernung oder Sperrung der Nutzung von Informationen nach den allgemeinen Gesetzen bleiben hiervon unber\u00fchrt. Eine diesbez\u00fcgliche Haftung ist jedoch erst ab dem Zeitpunkt der Kenntnis einer konkreten Rechtsverletzung m\u00f6glich. Bei Bekanntwerden von entsprechenden Rechtsverletzungen werden wir diese Inhalte umgehend entfernen.<\/p>\n\n\n\n<p><strong>Haftung f\u00fcr Links<\/strong><\/p>\n\n\n\n<p>Unser Angebot enth\u00e4lt Links zu externen Webseiten Dritter, auf deren Inhalte wir keinen Einfluss haben. Deshalb k\u00f6nnen wir f\u00fcr diese fremden Inhalte auch keine Gew\u00e4hr \u00fcbernehmen. F\u00fcr die Inhalte der verlinkten Seiten ist stets der jeweilige Anbieter oder Betreiber der Seiten verantwortlich. Die verlinkten Seiten wurden zum Zeitpunkt der Verlinkung auf m\u00f6gliche Rechtsverst\u00f6\u00dfe \u00fcberpr\u00fcft. Rechtswidrige Inhalte waren zum Zeitpunkt der Verlinkung nicht erkennbar. Eine permanente inhaltliche Kontrolle der verlinkten Seiten ist jedoch ohne konkrete Anhaltspunkte einer Rechtsverletzung nicht zumutbar. Bei Bekanntwerden von Rechtsverletzungen werden wir derartige Links umgehend entfernen.<\/p>\n\n\n\n<p><strong>Urheberrecht<\/strong><\/p>\n\n\n\n<p>Die durch die Seitenbetreiber erstellten Inhalte und Werke auf diesen Seiten unterliegen dem deutschen Urheberrecht. Die Vervielf\u00e4ltigung, Bearbeitung, Verbreitung und jede Art der Verwertung au\u00dferhalb der Grenzen des Urheberrechtes bed\u00fcrfen der schriftlichen Zustimmung des jeweiligen Autors bzw. Erstellers. Downloads und Kopien dieser Seite sind nur f\u00fcr den privaten, nicht kommerziellen Gebrauch gestattet. Soweit die Inhalte auf dieser Seite nicht vom Betreiber erstellt wurden, werden die Urheberrechte Dritter beachtet. Insbesondere werden Inhalte Dritter als solche gekennzeichnet. Sollten Sie trotzdem auf eine Urheberrechtsverletzung aufmerksam werden, bitten wir um einen entsprechenden Hinweis. Bei Bekanntwerden von Rechtsverletzungen werden wir derartige Inhalte umgehend entfernen.<\/p>\n\n\n\n<p><strong>Datenschutz<\/strong><\/p>\n\n\n\n<p>Die Nutzung unserer Webseite ist in der Regel ohne Angabe personenbezogener Daten m\u00f6glich. Soweit auf unseren Seiten personenbezogene Daten (beispielsweise Name, Anschrift oder eMail-Adressen) erhoben werden, erfolgt dies, soweit m\u00f6glich, stets auf freiwilliger Basis. Diese Daten werden ohne Ihre ausdr\u00fcckliche Zustimmung nicht an Dritte weitergegeben.<\/p>\n\n\n\n<p>Wir weisen darauf hin, dass die Daten\u00fcbertragung im Internet (z.B. bei der Kommunikation per E-Mail) Sicherheitsl\u00fccken aufweisen kann. Ein l\u00fcckenloser Schutz der Daten vor dem Zugriff durch Dritte ist nicht m\u00f6glich.<\/p>\n\n\n\n<p>Der Nutzung von im Rahmen der Impressumspflicht ver\u00f6ffentlichten Kontaktdaten durch Dritte zur \u00dcbersendung von nicht ausdr\u00fccklich angeforderter Werbung und Informationsmaterialien wird hiermit ausdr\u00fccklich widersprochen. Die Betreiber der Seiten behalten sich ausdr\u00fccklich rechtliche Schritte im Falle der unverlangten Zusendung von Werbeinformationen, etwa durch Spam-Mails, vor.<\/p>\n\n\n\n<p>Weitere Informationen zum Datenschutz finden sich in unserer <a href=\"https:\/\/feuerwehr-ebersgoens.de\/wordpress\/?page_id=204\" data-type=\"page\" data-id=\"204\">Datenschutzerkl\u00e4rung<\/a>.<\/p>\n\n\n\n<p>Stand 26.09.2022 18:25<\/p>\n","protected":false},"excerpt":{"rendered":"<p>Angaben gem\u00e4\u00df \u00a7 5 TMG: Betreiber der Seite:F\u00f6rderverein der Freiwilligen Feuerwehr Ebersg\u00f6ns e.V.Feuerwehrhaus Ebersg\u00f6nsZum Wei\u00dfen Stein 1835510 Butzbach-Ebersg\u00f6ns Vereinsregister Friedberg (Hessen)Registernummer 2645Email an den Vorsitzenden Webseitenmanagement unter www.feuerwehr-ebersgoens.de: Alexander C. Wei\u00df&#8211; Webmaster &#8211;Email an den Webmaster Organisatorische Einordnung Der Verein &#8222;F\u00f6rderverein der Freiwilligen Feuerwehr Ebersg\u00f6ns e.V.&#8220; ist ein privatrechtlich selbst\u00e4ndiger, gemeinn\u00fctziger Verein zur F\u00f6rderung des [&hellip;]<\/p>\n","protected":false},"author":2,"featured_media":0,"parent":0,"menu_order":0,"comment_status":"closed","ping_status":"closed","template":"","meta":{"footnotes":""},"class_list":["post-21","page","type-page","status-publish","hentry"],"_links":{"self":[{"href":"https:\/\/feuerwehr-ebersgoens.de\/wordpress\/index.php?rest_route=\/wp\/v2\/pages\/21","targetHints":{"allow":["GET"]}}],"collection":[{"href":"https:\/\/feuerwehr-ebersgoens.de\/wordpress\/index.php?rest_route=\/wp\/v2\/pages"}],"about":[{"href":"https:\/\/feuerwehr-ebersgoens.de\/wordpress\/index.php?rest_route=\/wp\/v2\/types\/page"}],"author":[{"embeddable":true,"href":"https:\/\/feuerwehr-ebersgoens.de\/wordpress\/index.php?rest_route=\/wp\/v2\/users\/2"}],"replies":[{"embeddable":true,"href":"https:\/\/feuerwehr-ebersgoens.de\/wordpress\/index.php?rest_route=%2Fwp%2Fv2%2Fcomments&post=21"}],"version-history":[{"count":8,"href":"https:\/\/feuerwehr-ebersgoens.de\/wordpress\/index.php?rest_route=\/wp\/v2\/pages\/21\/revisions"}],"predecessor-version":[{"id":593,"href":"https:\/\/feuerwehr-ebersgoens.de\/wordpress\/index.php?rest_route=\/wp\/v2\/pages\/21\/revisions\/593"}],"wp:attachment":[{"href":"https:\/\/feuerwehr-ebersgoens.de\/wordpress\/index.php?rest_route=%2Fwp%2Fv2%2Fmedia&parent=21"}],"curies":[{"name":"wp","href":"https:\/\/api.w.org\/{rel}","templated":true}]}}